{"id":351,"date":"2022-09-05T12:46:03","date_gmt":"2022-09-05T12:46:03","guid":{"rendered":"https:\/\/www.bi-ti.si\/?page_id=351"},"modified":"2022-09-16T10:27:23","modified_gmt":"2022-09-16T10:27:23","slug":"dienstleistungen","status":"publish","type":"page","link":"https:\/\/www.bi-ti.si\/de\/dienstleistungen\/","title":{"rendered":"Dienstleistungen"},"content":{"rendered":"<p>[vc_row heading_color=&#8220;light&#8220; bg_type=&#8220;image&#8220; bg_image=&#8220;278&#8243; bg_image_type=&#8220;fixed&#8220; color_overlay=&#8220;dark&#8220; padding_top_multiplier=&#8220;4x&#8220; padding_bottom_multiplier=&#8220;4x&#8220; separator_bottom=&#8220;large-triangle-separator&#8220; separator_bottom_size=&#8220;60px&#8220; font_color=&#8220;#ffffff&#8220;][vc_column]<div class=\"grve-empty-space grve-height-3x\" style=\"\"><\/div><h1 class=\"grve-element grve-title grve-align-center grve-h3\" style=\"\"><span>Dienstleistungen<\/span><\/h1>[\/vc_column][\/vc_row][vc_row columns_gap=&#8220;20&#8243; equal_column_height=&#8220;equal-column&#8220;][vc_column width=&#8220;1\/4&#8243; css=&#8220;.vc_custom_1662382509958{padding-top: 30px !important;padding-right: 30px !important;padding-bottom: 30px !important;padding-left: 30px !important;background-color: #f2f2f2 !important;}&#8220;]<div class=\"grve-element grve-box-icon grve-large grve-top-icon grve-align-center grve-animated-item grve-fade-in-up grve-duration-normal\" style=\"\" data-delay=\"200\"><div class=\"grve-wrapper-icon grve-no-shape\" style=\"\"><i class=\"grve-text-primary-1 smp-icon-plus\"><\/i><\/div><div class=\"grve-box-content\"><div class=\"grve-box-title-wrapper\"><h2 class=\"grve-box-title grve-h6\">Ausf\u00fchrung optischer Fusionsschwei\u00dfungen im Au\u00dfendienst<\/h2><\/div><\/div><\/div>[\/vc_column][vc_column width=&#8220;1\/4&#8243; css=&#8220;.vc_custom_1662382517389{padding: 30px !important;background-color: #f2f2f2 !important;}&#8220;]<div class=\"grve-element grve-box-icon grve-large grve-top-icon grve-align-center grve-animated-item grve-fade-in-up grve-duration-normal\" style=\"\" data-delay=\"200\"><div class=\"grve-wrapper-icon grve-no-shape\" style=\"\"><i class=\"grve-text-primary-1 smp-icon-plus\"><\/i><\/div><div class=\"grve-box-content\"><div class=\"grve-box-title-wrapper\"><h2 class=\"grve-box-title grve-h6\">Durchf\u00fchrung von Messungen mit OTDR und Power Meter<\/h2><\/div><\/div><\/div>[\/vc_column][vc_column width=&#8220;1\/4&#8243; css=&#8220;.vc_custom_1662382524949{padding: 30px !important;background-color: #f2f2f2 !important;}&#8220;]<div class=\"grve-element grve-box-icon grve-large grve-top-icon grve-align-center grve-animated-item grve-fade-in-up grve-duration-normal\" style=\"\" data-delay=\"200\"><div class=\"grve-wrapper-icon grve-no-shape\" style=\"\"><i class=\"grve-text-primary-1 smp-icon-plus\"><\/i><\/div><div class=\"grve-box-content\"><div class=\"grve-box-title-wrapper\"><h2 class=\"grve-box-title grve-h6\">Kleben optischer Konnektoren im Au\u00dfendienst<\/h2><\/div><\/div><\/div>[\/vc_column][vc_column width=&#8220;1\/4&#8243; css=&#8220;.vc_custom_1662382535791{padding: 30px !important;background-color: #f2f2f2 !important;}&#8220;]<div class=\"grve-element grve-box-icon grve-large grve-top-icon grve-align-center grve-animated-item grve-fade-in-up grve-duration-normal\" style=\"\" data-delay=\"200\"><div class=\"grve-wrapper-icon grve-no-shape\" style=\"\"><i class=\"grve-text-primary-1 smp-icon-plus\"><\/i><\/div><div class=\"grve-box-content\"><div class=\"grve-box-title-wrapper\"><h2 class=\"grve-box-title grve-h6\">Verlegen, Ziehen und Einblasen optischer Kabel<\/h2><\/div><\/div><\/div>[\/vc_column][\/vc_row][vc_row padding_top_multiplier=&#8220;&#8220; padding_bottom_multiplier=&#8220;3x&#8220; columns_gap=&#8220;20&#8243; equal_column_height=&#8220;equal-column&#8220;][vc_column width=&#8220;1\/3&#8243; css=&#8220;.vc_custom_1662382509958{padding-top: 30px !important;padding-right: 30px !important;padding-bottom: 30px !important;padding-left: 30px !important;background-color: #f2f2f2 !important;}&#8220;]<div class=\"grve-element grve-box-icon grve-large grve-top-icon grve-align-center grve-animated-item grve-fade-in-up grve-duration-normal\" style=\"\" data-delay=\"200\"><div class=\"grve-wrapper-icon grve-no-shape\" style=\"\"><i class=\"grve-text-primary-1 smp-icon-plus\"><\/i><\/div><div class=\"grve-box-content\"><div class=\"grve-box-title-wrapper\"><h2 class=\"grve-box-title grve-h6\">Lieferung und Ausf\u00fchrung strukturierter Kupferverkabelungen f\u00fcr alle Anforderungen (CAT3, CAT5, CAT6, CAT6A, CAT7)<\/h2><\/div><\/div><\/div>[\/vc_column][vc_column width=&#8220;1\/3&#8243; css=&#8220;.vc_custom_1662382517389{padding: 30px !important;background-color: #f2f2f2 !important;}&#8220;]<div class=\"grve-element grve-box-icon grve-large grve-top-icon grve-align-center grve-animated-item grve-fade-in-up grve-duration-normal\" style=\"\" data-delay=\"200\"><div class=\"grve-wrapper-icon grve-no-shape\" style=\"\"><i class=\"grve-text-primary-1 smp-icon-plus\"><\/i><\/div><div class=\"grve-box-content\"><div class=\"grve-box-title-wrapper\"><h2 class=\"grve-box-title grve-h6\">Durchf\u00fchrung von Messungen an Kupferkommunikationsnetzen mit dem modernsten Netzanalysator FLUKE DSX 8000<\/h2><\/div><\/div><\/div>[\/vc_column][vc_column width=&#8220;1\/3&#8243; css=&#8220;.vc_custom_1662382524949{padding: 30px !important;background-color: #f2f2f2 !important;}&#8220;]<div class=\"grve-element grve-box-icon grve-large grve-top-icon grve-align-center grve-animated-item grve-fade-in-up grve-duration-normal\" style=\"\" data-delay=\"200\"><div class=\"grve-wrapper-icon grve-no-shape\" style=\"\"><i class=\"grve-text-primary-1 smp-icon-plus\"><\/i><\/div><div class=\"grve-box-content\"><div class=\"grve-box-title-wrapper\"><h2 class=\"grve-box-title grve-h6\">EE \u2013 erneuerbare Energien (Ausbau von Solaranlagen)<\/h2><\/div><\/div><\/div>[\/vc_column][\/vc_row][vc_row bg_type=&#8220;color&#8220; padding_top_multiplier=&#8220;2x&#8220; padding_bottom_multiplier=&#8220;3x&#8220; columns_gap=&#8220;60&#8243; equal_column_height=&#8220;middle-content&#8220; bg_color=&#8220;#f2f2f2&#8243;][vc_column width=&#8220;1\/2&#8243; tablet_sm_width=&#8220;1-2&#8243;]<h2 class=\"grve-element grve-title grve-align-left grve-h3\" style=\"\"><span>Kontaktiere uns<\/span><\/h2>[vc_column_text]Gerne beantworten wir Ihre Frage oder Anfrage. Kontaktiere uns.[\/vc_column_text]<div class=\"grve-empty-space grve-height-1x\" style=\"\"><\/div><div class=\"grve-element grve-align-left grve-fluid-button\"><a href=\"https:\/\/www.bi-ti.si\/de\/kontakt\/\" title=\"Kontakt\" class=\"grve-btn grve-btn-medium grve-square grve-bg-black grve-bg-hover-black\" style=\"max-width: 250px;\"><span>Kontakt<\/span><\/a><\/div>[\/vc_column][vc_column width=&#8220;1\/2&#8243; tablet_sm_width=&#8220;1-2&#8243;]<div class=\"grve-element grve-image grve-align-center\" style=\"\">  <div class=\"grve-image-wrapper\"><img width=\"1200\" height=\"900\" src=\"https:\/\/www.bi-ti.si\/wp-content\/uploads\/2022\/09\/bi-ti-van.jpg\" class=\"attachment-full size-full\" alt=\"Bi-Ti d.o.o. van\" loading=\"lazy\" srcset=\"https:\/\/www.bi-ti.si\/wp-content\/uploads\/2022\/09\/bi-ti-van.jpg 1x,https:\/\/www.bi-ti.si\/wp-content\/uploads\/2022\/09\/bi-ti-van.jpg 2x\" \/>   <\/div><\/div>[\/vc_column][\/vc_row]<\/p>\n","protected":false},"excerpt":{"rendered":"<p>[vc_row heading_color=&#8220;light&#8220; bg_type=&#8220;image&#8220; bg_image=&#8220;278&#8243; bg_image_type=&#8220;fixed&#8220; color_overlay=&#8220;dark&#8220; padding_top_multiplier=&#8220;4x&#8220; padding_bottom_multiplier=&#8220;4x&#8220; separator_bottom=&#8220;large-triangle-separator&#8220; separator_bottom_size=&#8220;60px&#8220; font_color=&#8220;#ffffff&#8220;][vc_column][\/vc_column][\/vc_row][vc_row columns_gap=&#8220;20&#8243; equal_column_height=&#8220;equal-column&#8220;][vc_column width=&#8220;1\/4&#8243; css=&#8220;.vc_custom_1662382509958{padding-top: 30px !important;padding-right: 30px !important;padding-bottom: 30px !important;padding-left: 30px !important;background-color: #f2f2f2 !important;}&#8220;][\/vc_column][vc_column width=&#8220;1\/4&#8243; css=&#8220;.vc_custom_1662382517389{padding: 30px !important;background-color: #f2f2f2 !important;}&#8220;][\/vc_column][vc_column width=&#8220;1\/4&#8243; css=&#8220;.vc_custom_1662382524949{padding: 30px !important;background-color: #f2f2f2 !important;}&#8220;][\/vc_column][vc_column width=&#8220;1\/4&#8243; css=&#8220;.vc_custom_1662382535791{padding: 30px !important;background-color: #f2f2f2 !important;}&#8220;][\/vc_column][\/vc_row][vc_row padding_top_multiplier=&#8220;&#8220; padding_bottom_multiplier=&#8220;3x&#8220; columns_gap=&#8220;20&#8243; equal_column_height=&#8220;equal-column&#8220;][vc_column width=&#8220;1\/3&#8243; css=&#8220;.vc_custom_1662382509958{padding-top: 30px !important;padding-right: 30px !important;padding-bottom: 30px !important;padding-left: [&hellip;]<\/p>\n","protected":false},"author":1,"featured_media":0,"parent":0,"menu_order":0,"comment_status":"closed","ping_status":"closed","template":"","meta":[],"_links":{"self":[{"href":"https:\/\/www.bi-ti.si\/de\/wp-json\/wp\/v2\/pages\/351"}],"collection":[{"href":"https:\/\/www.bi-ti.si\/de\/wp-json\/wp\/v2\/pages"}],"about":[{"href":"https:\/\/www.bi-ti.si\/de\/wp-json\/wp\/v2\/types\/page"}],"author":[{"embeddable":true,"href":"https:\/\/www.bi-ti.si\/de\/wp-json\/wp\/v2\/users\/1"}],"replies":[{"embeddable":true,"href":"https:\/\/www.bi-ti.si\/de\/wp-json\/wp\/v2\/comments?post=351"}],"version-history":[{"count":4,"href":"https:\/\/www.bi-ti.si\/de\/wp-json\/wp\/v2\/pages\/351\/revisions"}],"predecessor-version":[{"id":397,"href":"https:\/\/www.bi-ti.si\/de\/wp-json\/wp\/v2\/pages\/351\/revisions\/397"}],"wp:attachment":[{"href":"https:\/\/www.bi-ti.si\/de\/wp-json\/wp\/v2\/media?parent=351"}],"curies":[{"name":"wp","href":"https:\/\/api.w.org\/{rel}","templated":true}]}}