{"id":371,"date":"2022-09-06T10:02:31","date_gmt":"2022-09-06T10:02:31","guid":{"rendered":"https:\/\/www.bi-ti.si\/?page_id=371"},"modified":"2022-09-16T11:57:51","modified_gmt":"2022-09-16T11:57:51","slug":"cookies","status":"publish","type":"page","link":"https:\/\/www.bi-ti.si\/de\/cookies\/","title":{"rendered":"Cookies"},"content":{"rendered":"<h1><\/h1>\n<h1><\/h1>\n<p>&nbsp;<\/p>\n<h1>Cookies<\/h1>\n<p>&nbsp;<\/p>\n<h2>Datenschutz<\/h2>\n<ol>\n<li>BITI d.o.o. respektiert Ihre Privatsph\u00e4re und verpflichtet sich, die \u00fcber das Online-Informationssystem erhobenen personenbezogenen Daten sorgf\u00e4ltig zu sch\u00fctzen und ohne Ihre Zustimmung nicht an Dritte weiterzugeben oder f\u00fcr andere Zwecke zu verwenden. Da bestimmte Links im Online-Informationssystem zu anderen, externen Websites bestehen, die nicht mit der Website www.bi-ti.si verlinkt sind, \u00fcbernehmen wir keine Verantwortung f\u00fcr den Datenschutz auf diesen Websites.<\/li>\n<\/ol>\n<p>&nbsp;<\/p>\n<p><b>Cookies<\/b><\/p>\n<ol start=\"2\">\n<li>Cookies sind Informationen \u00fcber Ihren Besuch von Websites. Wenn Sie eine Website besuchen, wird auf Ihrem Computer ein Cookie (Datei mit Informationen) installiert, das einerseits f\u00fcr Einfachheit und Geschwindigkeit sorgt, andererseits aber auch einen Eingriff in die Privatsph\u00e4re oder die M\u00f6glichkeit sp\u00e4terer gezielter Werbung darstellt.<\/li>\n<\/ol>\n<p>&nbsp;<\/p>\n<p><strong>Cookie-Inhalt<\/strong><\/p>\n<ol start=\"3\">\n<li>Das Cookie enth\u00e4lt grundlegende Informationen \u00fcber Ihren Besuch auf einer bestimmten Website. Zun\u00e4chst wird der Name Ihres Computers oder Ihr Name und der Name der besuchten Website erfasst. Der Inhalt des Cookies wird auf Ihrem Computer in einem speziellen Verzeichnis gespeichert. Durch einen Doppelklick auf die Datei erhalten Sie n\u00e4here Informationen \u00fcber die besuchte Website, das Datum und die Uhrzeit des Besuchs. Alle diese Daten werden auch vom Betreiber der von Ihnen besuchten Website gespeichert. Auf diese Weise l\u00e4sst sich viel \u00fcber die Hardware Ihres Computers und die Internetnutzung erfahren.<\/li>\n<\/ol>\n<p>&nbsp;<\/p>\n<ol start=\"4\">\n<li>Cookies k\u00f6nnen mit bestimmten Einstellungen gel\u00f6scht, ausgeschlossen oder bedingt verwendet werden. Grunds\u00e4tzlich sind Browser so eingestellt, dass sie Cookies akzeptieren, aber das Setzen von Cookies ablehnen, die nicht aus dem in der Adressleiste geschriebenen Bereich stammen.<\/li>\n<\/ol>\n<p>&nbsp;<\/p>\n<ol start=\"5\">\n<li>BITI d.o.o. verpflichtet sich, die Daten und die Privatsph\u00e4re der Website-Besucher bestm\u00f6glich zu sch\u00fctzen. Um unbefugten Zugriff auf die erhaltenen Daten oder deren Offenlegung zu verhindern, die Richtigkeit personenbezogener Daten zu wahren und ihre angemessene Verwendung sicherzustellen, verwenden wir geeignete technische und organisatorische Verfahren, um die von uns erhobenen Daten zu sichern.<\/li>\n<\/ol>\n<p>&nbsp;<\/p>\n<p>VON DER WEBSITE www.bi-ti.si VERWENDETE COOKIES<\/p>\n<p>&nbsp;<\/p>\n<ol>\n<li>System-Cookies<\/li>\n<\/ol>\n<table>\n<tbody>\n<tr>\n<td width=\"183\">NAME DES COOKIES<\/td>\n<td width=\"156\">VERWENDUNGSZWECK<\/td>\n<td width=\"136\">ZEIT<\/td>\n<td width=\"126\">UNTERNEHMEN<\/td>\n<\/tr>\n<tr>\n<td width=\"183\">cookieconsent_status<\/td>\n<td width=\"156\">Speichert Informationen dar\u00fcber, ob Sie Cookies zugelassen haben oder nicht<\/td>\n<td width=\"136\">1 Jahr<\/td>\n<td width=\"126\">BITI d.o.o.<\/td>\n<\/tr>\n<\/tbody>\n<\/table>\n<p>&nbsp;<\/p>\n<p>&nbsp;<\/p>\n<p>System-Cookies sind Bestandteil der von uns verwendeten Plattform und werden in jedem Fall geladen.<\/p>\n<ol start=\"2\">\n<li>Analytische Cookies<\/li>\n<\/ol>\n<table>\n<tbody>\n<tr>\n<td width=\"183\">NAME DES COOKIES<\/td>\n<td width=\"156\">VERWENDUNGSZWECK<\/td>\n<td width=\"136\">ZEIT<\/td>\n<td width=\"126\">UNTERNEHMEN<\/td>\n<\/tr>\n<tr>\n<td width=\"183\">_ga<\/td>\n<td width=\"156\">Google Analytics<br \/>\n(Statistik der Webseitenaufrufe)<\/td>\n<td width=\"136\">2 JAHRE<\/td>\n<td width=\"126\">Google Inc.<\/td>\n<\/tr>\n<tr>\n<td width=\"183\">_gat<\/td>\n<td width=\"156\">Google Analytics<br \/>\n(Statistik der Webseitenaufrufe)<\/td>\n<td width=\"136\">1 Minute<\/td>\n<td width=\"126\">Google Inc.<\/td>\n<\/tr>\n<tr>\n<td width=\"183\">_gid<\/td>\n<td width=\"156\">Google Analytics<br \/>\n(Statistik der Webseitenaufrufe)<\/td>\n<td width=\"136\">1 Tag<\/td>\n<td width=\"126\">Google Inc.<\/td>\n<\/tr>\n<\/tbody>\n<\/table>\n<p>&nbsp;<\/p>\n<p>Analytische Cookies werden nur geladen, wenn Sie die Verwendung von Cookies zulassen. Weitere Informationen zu den von Google Analytics verwendeten Cookies finden Sie unter <a href=\"https:\/\/developers.google.com\/analytics\/devguides\/collection\/analyticsjs\/cookie-usage\">https:\/\/developers.google.com\/analytics\/devguides\/collection\/analyticsjs\/cookie-usage.<\/a><\/p>\n<p>&nbsp;<\/p>\n<h2>Cookies deaktivieren<\/h2>\n<p>Nutzer k\u00f6nnen selbstst\u00e4ndig entscheiden, ob sie die Verwendung von Cookies zulassen m\u00f6chten. Sie k\u00f6nnen die Cookie-Einstellungen in Ihrem Webbrowser steuern und \u00e4ndern. Informationen zu Cookie-Einstellungen (f\u00fcr verschiedene Webbrowser) finden Sie unter den folgenden Links:<\/p>\n<p><a href=\"https:\/\/support.google.com\/chrome\/answer\/95647?hl=sl-sl&amp;p=cpn_cookies\">Chrome<\/a><\/p>\n<p><a href=\"http:\/\/support.mozilla.org\/sl\/kb\/Kako%20aktivirate%20in%20deaktivirate%20pi%C5%A1kote\">Firefox<\/a><\/p>\n<p><a href=\"https:\/\/support.microsoft.com\/en-gb\/products\/windows?os=windows-10\">Internet Explorer 9<\/a><\/p>\n<p><a href=\"https:\/\/support.microsoft.com\/en-gb\/help\/17442\/windows-internet-explorer-delete-manage-cookies\">Internet Explorer 7 in 8<\/a><\/p>\n<p><a href=\"https:\/\/www.opera.com\/help\/tutorials\/security\/cookies\/\">Opera<\/a><\/p>\n<p><a href=\"https:\/\/support.apple.com\/kb\/ph5042?locale=en_GB\">Safari<\/a><\/p>\n<p>&nbsp;<\/p>\n<p>Wenn Sie Cookies deaktivieren, werden einige Website-Optionen deaktiviert.<\/p>\n<p>&nbsp;<\/p>\n","protected":false},"excerpt":{"rendered":"<p>&nbsp; Cookies &nbsp; Datenschutz BITI d.o.o. respektiert Ihre Privatsph\u00e4re und verpflichtet sich, die \u00fcber das Online-Informationssystem erhobenen personenbezogenen Daten sorgf\u00e4ltig zu sch\u00fctzen und ohne Ihre Zustimmung nicht an Dritte weiterzugeben oder f\u00fcr andere Zwecke zu verwenden. Da bestimmte Links im Online-Informationssystem zu anderen, externen Websites bestehen, die nicht mit der Website www.bi-ti.si verlinkt sind, \u00fcbernehmen [&hellip;]<\/p>\n","protected":false},"author":1,"featured_media":0,"parent":0,"menu_order":0,"comment_status":"closed","ping_status":"closed","template":"","meta":[],"_links":{"self":[{"href":"https:\/\/www.bi-ti.si\/de\/wp-json\/wp\/v2\/pages\/371"}],"collection":[{"href":"https:\/\/www.bi-ti.si\/de\/wp-json\/wp\/v2\/pages"}],"about":[{"href":"https:\/\/www.bi-ti.si\/de\/wp-json\/wp\/v2\/types\/page"}],"author":[{"embeddable":true,"href":"https:\/\/www.bi-ti.si\/de\/wp-json\/wp\/v2\/users\/1"}],"replies":[{"embeddable":true,"href":"https:\/\/www.bi-ti.si\/de\/wp-json\/wp\/v2\/comments?post=371"}],"version-history":[{"count":5,"href":"https:\/\/www.bi-ti.si\/de\/wp-json\/wp\/v2\/pages\/371\/revisions"}],"predecessor-version":[{"id":438,"href":"https:\/\/www.bi-ti.si\/de\/wp-json\/wp\/v2\/pages\/371\/revisions\/438"}],"wp:attachment":[{"href":"https:\/\/www.bi-ti.si\/de\/wp-json\/wp\/v2\/media?parent=371"}],"curies":[{"name":"wp","href":"https:\/\/api.w.org\/{rel}","templated":true}]}}