{"id":377,"date":"2022-09-06T10:03:57","date_gmt":"2022-09-06T10:03:57","guid":{"rendered":"https:\/\/www.bi-ti.si\/?page_id=377"},"modified":"2022-09-16T09:43:20","modified_gmt":"2022-09-16T09:43:20","slug":"voucher","status":"publish","type":"page","link":"https:\/\/www.bi-ti.si\/en\/voucher\/","title":{"rendered":"Voucher"},"content":{"rendered":"<p>[vc_row heading_color=&#8221;light&#8221; bg_type=&#8221;image&#8221; bg_image=&#8221;278&#8243; bg_image_type=&#8221;fixed&#8221; color_overlay=&#8221;dark&#8221; padding_top_multiplier=&#8221;4x&#8221; padding_bottom_multiplier=&#8221;4x&#8221; separator_bottom=&#8221;large-triangle-separator&#8221; separator_bottom_size=&#8221;60px&#8221; font_color=&#8221;#ffffff&#8221;][vc_column]<div class=\"grve-empty-space grve-height-3x\" style=\"\"><\/div><h1 class=\"grve-element grve-title grve-align-center grve-h3\" style=\"\"><span>Vav\u010der<\/span><\/h1>[\/vc_column][\/vc_row][vc_row][vc_column][vc_column_text]<strong>Nalo\u017ebo sofinancirata Republika Slovenija in Evropska unija iz Evropskega sklada za regionalni razvoj.<\/strong>[\/vc_column_text][\/vc_column][\/vc_row][vc_row][vc_column width=&#8221;1\/3&#8243;]<div class=\"grve-element grve-image grve-align-center\" style=\"\">  <div class=\"grve-image-wrapper\"><img width=\"1250\" height=\"418\" src=\"https:\/\/www.bi-ti.si\/wp-content\/uploads\/2022\/08\/skd-logo-1-1250x418-1.jpeg\" class=\"attachment-full size-full\" alt=\"\" loading=\"lazy\" srcset=\"https:\/\/www.bi-ti.si\/wp-content\/uploads\/2022\/08\/skd-logo-1-1250x418-1.jpeg 1250w, https:\/\/www.bi-ti.si\/wp-content\/uploads\/2022\/08\/skd-logo-1-1250x418-1-300x100.jpeg 300w, https:\/\/www.bi-ti.si\/wp-content\/uploads\/2022\/08\/skd-logo-1-1250x418-1-1024x342.jpeg 1024w, https:\/\/www.bi-ti.si\/wp-content\/uploads\/2022\/08\/skd-logo-1-1250x418-1-768x257.jpeg 768w\" sizes=\"(max-width: 1250px) 100vw, 1250px\" \/>   <\/div><\/div>[\/vc_column][vc_column width=&#8221;1\/3&#8243;]<div class=\"grve-element grve-image grve-align-center\" style=\"\">  <div class=\"grve-image-wrapper\"><img width=\"1250\" height=\"418\" src=\"https:\/\/www.bi-ti.si\/wp-content\/uploads\/2022\/08\/ministrstvo-logo-2-1250x418-1.jpeg\" class=\"attachment-full size-full\" alt=\"\" loading=\"lazy\" srcset=\"https:\/\/www.bi-ti.si\/wp-content\/uploads\/2022\/08\/ministrstvo-logo-2-1250x418-1.jpeg 1250w, https:\/\/www.bi-ti.si\/wp-content\/uploads\/2022\/08\/ministrstvo-logo-2-1250x418-1-300x100.jpeg 300w, https:\/\/www.bi-ti.si\/wp-content\/uploads\/2022\/08\/ministrstvo-logo-2-1250x418-1-1024x342.jpeg 1024w, https:\/\/www.bi-ti.si\/wp-content\/uploads\/2022\/08\/ministrstvo-logo-2-1250x418-1-768x257.jpeg 768w\" sizes=\"(max-width: 1250px) 100vw, 1250px\" \/>   <\/div><\/div>[\/vc_column][vc_column width=&#8221;1\/3&#8243;]<div class=\"grve-element grve-image grve-align-center\" style=\"\">  <div class=\"grve-image-wrapper\"><img width=\"1250\" height=\"418\" src=\"https:\/\/www.bi-ti.si\/wp-content\/uploads\/2022\/08\/eu-logo-3-1250x418-1.jpeg\" class=\"attachment-full size-full\" alt=\"\" loading=\"lazy\" srcset=\"https:\/\/www.bi-ti.si\/wp-content\/uploads\/2022\/08\/eu-logo-3-1250x418-1.jpeg 1250w, https:\/\/www.bi-ti.si\/wp-content\/uploads\/2022\/08\/eu-logo-3-1250x418-1-300x100.jpeg 300w, https:\/\/www.bi-ti.si\/wp-content\/uploads\/2022\/08\/eu-logo-3-1250x418-1-1024x342.jpeg 1024w, https:\/\/www.bi-ti.si\/wp-content\/uploads\/2022\/08\/eu-logo-3-1250x418-1-768x257.jpeg 768w\" sizes=\"(max-width: 1250px) 100vw, 1250px\" \/>   <\/div><\/div>[\/vc_column][\/vc_row][vc_row][vc_column][vc_column_text]<strong>Naziv operacije:<\/strong><br \/>\nVav\u010der za digitalni marketing \u2013 izdelava nove spletne strani<\/p>\n<p><strong>Opis operacije:<\/strong><br \/>\nVzpostavitev nove spletne strani, vklju\u010dno z mobilno prilagoditvijo ter izvedba testiranja za podjetje BITI d.o.o.<\/p>\n<p><strong>Namen<\/strong><br \/>\nNamen operacije je s pomo\u010djo sofinanciranja upravi\u010denih stro\u0161kov zunanjega izvajalca izdelati novo spletno stran za podjetje BITI d.o.o.<\/p>\n<p><strong>Cilji in rezultati operacije:<\/strong><br \/>\nNova spletna stran, testiranje, optimizacija uporabni\u0161ke izku\u0161nje in mobilna prilagoditev na domeni www.bi-ti.si<\/p>\n<p>Ve\u010d o nepovratnih sredstvih in EU skladih lahko preberete na\u00a0<a href=\"http:\/\/www.eu-skladi.si\/\">www.eu-skladi.si<\/a><\/p>\n<p>Nalo\u017ebo sofinancirata Republika Slovenija in Evropska unija iz Evropskega sklada za regionalni razvoj.[\/vc_column_text][\/vc_column][\/vc_row]<\/p>\n","protected":false},"excerpt":{"rendered":"<p>[vc_row heading_color=&#8221;light&#8221; bg_type=&#8221;image&#8221; bg_image=&#8221;278&#8243; bg_image_type=&#8221;fixed&#8221; color_overlay=&#8221;dark&#8221; padding_top_multiplier=&#8221;4x&#8221; padding_bottom_multiplier=&#8221;4x&#8221; separator_bottom=&#8221;large-triangle-separator&#8221; separator_bottom_size=&#8221;60px&#8221; font_color=&#8221;#ffffff&#8221;][vc_column][\/vc_column][\/vc_row][vc_row][vc_column][vc_column_text]Nalo\u017ebo sofinancirata Republika Slovenija in Evropska unija iz Evropskega sklada za regionalni razvoj.[\/vc_column_text][\/vc_column][\/vc_row][vc_row][vc_column width=&#8221;1\/3&#8243;][\/vc_column][vc_column width=&#8221;1\/3&#8243;][\/vc_column][vc_column width=&#8221;1\/3&#8243;][\/vc_column][\/vc_row][vc_row][vc_column][vc_column_text]Naziv operacije: Vav\u010der za digitalni marketing \u2013 izdelava nove spletne strani Opis operacije: Vzpostavitev nove spletne strani, vklju\u010dno z mobilno prilagoditvijo ter izvedba testiranja za podjetje BITI d.o.o. Namen Namen [&hellip;]<\/p>\n","protected":false},"author":1,"featured_media":0,"parent":0,"menu_order":0,"comment_status":"closed","ping_status":"closed","template":"","meta":[],"_links":{"self":[{"href":"https:\/\/www.bi-ti.si\/en\/wp-json\/wp\/v2\/pages\/377"}],"collection":[{"href":"https:\/\/www.bi-ti.si\/en\/wp-json\/wp\/v2\/pages"}],"about":[{"href":"https:\/\/www.bi-ti.si\/en\/wp-json\/wp\/v2\/types\/page"}],"author":[{"embeddable":true,"href":"https:\/\/www.bi-ti.si\/en\/wp-json\/wp\/v2\/users\/1"}],"replies":[{"embeddable":true,"href":"https:\/\/www.bi-ti.si\/en\/wp-json\/wp\/v2\/comments?post=377"}],"version-history":[{"count":2,"href":"https:\/\/www.bi-ti.si\/en\/wp-json\/wp\/v2\/pages\/377\/revisions"}],"predecessor-version":[{"id":429,"href":"https:\/\/www.bi-ti.si\/en\/wp-json\/wp\/v2\/pages\/377\/revisions\/429"}],"wp:attachment":[{"href":"https:\/\/www.bi-ti.si\/en\/wp-json\/wp\/v2\/media?parent=377"}],"curies":[{"name":"wp","href":"https:\/\/api.w.org\/{rel}","templated":true}]}}